{"id":3038,"date":"2025-02-27T11:48:11","date_gmt":"2025-02-27T16:48:11","guid":{"rendered":"https:\/\/sasaconsultoria.com\/?page_id=3038"},"modified":"2026-04-15T17:30:19","modified_gmt":"2026-04-15T22:30:19","slug":"hablemos","status":"publish","type":"page","link":"https:\/\/sasaconsultoria.com\/index.php\/hablemos\/","title":{"rendered":"Hablemos"},"content":{"rendered":"\t\t<div data-elementor-type=\"wp-page\" data-elementor-id=\"3038\" class=\"elementor elementor-3038\" data-elementor-settings=\"{&quot;ha_cmc_init_switcher&quot;:&quot;no&quot;}\" data-elementor-post-type=\"page\">\n\t\t\t\t\t\t<section class=\"elementor-section elementor-top-section elementor-element elementor-element-1f87492 elementor-section-boxed elementor-section-height-default elementor-section-height-default\" data-id=\"1f87492\" data-element_type=\"section\" data-e-type=\"section\" data-settings=\"{&quot;background_background&quot;:&quot;gradient&quot;,&quot;_ha_eqh_enable&quot;:false}\">\n\t\t\t\t\t\t<div class=\"elementor-container elementor-column-gap-default\">\n\t\t\t\t\t<div class=\"elementor-column elementor-col-50 elementor-top-column elementor-element elementor-element-366eb43\" data-id=\"366eb43\" data-element_type=\"column\" data-e-type=\"column\">\n\t\t\t<div class=\"elementor-widget-wrap elementor-element-populated\">\n\t\t\t\t\t\t<div class=\"elementor-element elementor-element-3f9d53e elementor-widget elementor-widget-heading\" data-id=\"3f9d53e\" data-element_type=\"widget\" data-e-type=\"widget\" data-widget_type=\"heading.default\">\n\t\t\t\t<div class=\"elementor-widget-container\">\n\t\t\t\t\t<h1 class=\"elementor-heading-title elementor-size-default\"><h3 data-start=\"108\" data-end=\"178\"><strong data-start=\"112\" data-end=\"176\">\u00bfA\u00fan tienes dudas? <\/strong><span style=\"font-size: 2.5rem;font-weight: 600;background-color: transparent\"><\/span><\/h3><\/h1>\t\t\t\t<\/div>\n\t\t\t\t<\/div>\n\t\t\t\t<div class=\"elementor-element elementor-element-8127c14 elementor-widget elementor-widget-heading\" data-id=\"8127c14\" data-element_type=\"widget\" data-e-type=\"widget\" data-widget_type=\"heading.default\">\n\t\t\t\t<div class=\"elementor-widget-container\">\n\t\t\t\t\t<h1 class=\"elementor-heading-title elementor-size-default\"><h3 data-start=\"108\" data-end=\"178\"><strong data-start=\"112\" data-end=\"176\">Te ayudamos a resolverlas en menos de 30 minutos\u23f2\ufe0f<\/strong><span style=\"font-size: 2.5rem;font-weight: 600;background-color: transparent\"><\/span><\/h3><\/h1>\t\t\t\t<\/div>\n\t\t\t\t<\/div>\n\t\t\t\t<div class=\"elementor-element elementor-element-c0dd134 elementor-widget__width-initial elementor-widget elementor-widget-text-editor\" data-id=\"c0dd134\" data-element_type=\"widget\" data-e-type=\"widget\" data-widget_type=\"text-editor.default\">\n\t\t\t\t<div class=\"elementor-widget-container\">\n\t\t\t\t\t\t\t\t\t<h5 data-start=\"180\" data-end=\"378\">Sabemos que cada empresa tiene retos \u00fanicos en <strong data-start=\"227\" data-end=\"270\">ventas, marketing y servicio al cliente<\/strong>.\u00a0<\/h5><h5 data-start=\"180\" data-end=\"378\">Si a\u00fan tienes inquietudes sobre c\u00f3mo optimizar tus procesos con <strong data-start=\"336\" data-end=\"348\">SugarAI<\/strong>, estamos aqu\u00ed para guiarte.<\/h5><div><h5 style=\"font-family: Montserrat, sans-serif; color: #7a7a7a;\" data-start=\"645\" data-end=\"690\"><span style=\"font-weight: bolder;\" data-start=\"648\" data-end=\"685\">Sin compromisos, solo soluciones.<\/span>\u00a0\ud83d\udd39<\/h5><h5 style=\"font-family: Montserrat, sans-serif; color: #7a7a7a;\" data-start=\"692\" data-end=\"738\">\u00a1Haz clic y agenda tu\u00a0a<em data-start=\"717\" data-end=\"735\">sesor\u00eda express!<\/em><\/h5><\/div><h5 data-start=\"645\" data-end=\"690\">\u00a0<\/h5>\t\t\t\t\t\t\t\t<\/div>\n\t\t\t\t<\/div>\n\t\t\t\t\t<\/div>\n\t\t<\/div>\n\t\t\t\t<div class=\"elementor-column elementor-col-50 elementor-top-column elementor-element elementor-element-0b7bb0f\" data-id=\"0b7bb0f\" data-element_type=\"column\" data-e-type=\"column\">\n\t\t\t<div class=\"elementor-widget-wrap elementor-element-populated\">\n\t\t\t\t\t\t<div class=\"elementor-element elementor-element-dbfd146 elementor-widget elementor-widget-html\" data-id=\"dbfd146\" data-element_type=\"widget\" data-e-type=\"widget\" data-widget_type=\"html.default\">\n\t\t\t\t<div class=\"elementor-widget-container\">\n\t\t\t\t\t<script fetchpriority=\"high\" defer src=\"https:\/\/form-element-use1-prod.salesfusion.com\/\"><\/script> <sugar-market-form-element form=\"kuJMEgLOywdGSSPshe2yb\/ZeK3yVTwxlJgxiofUtsjWvYyTwA9bj5WVkcCi6TFE2L\/4zDRrDdQnMxbiZo5lzJlhnXc9TAZ+cpJu4wBMAVuU=\" https=\"true\"><\/sugar-market-form-element>\n\t\t\t\t<\/div>\n\t\t\t\t<\/div>\n\t\t\t\t\t<\/div>\n\t\t<\/div>\n\t\t\t\t\t<\/div>\n\t\t<\/section>\n\t\t\t\t<section class=\"elementor-section elementor-inner-section elementor-element elementor-element-38b237d6 elementor-section-boxed elementor-section-height-default elementor-section-height-default\" data-id=\"38b237d6\" data-element_type=\"section\" data-e-type=\"section\" data-settings=\"{&quot;background_background&quot;:&quot;classic&quot;,&quot;_ha_eqh_enable&quot;:false}\">\n\t\t\t\t\t\t<div class=\"elementor-container elementor-column-gap-default\">\n\t\t\t\t\t<div class=\"elementor-column elementor-col-50 elementor-inner-column elementor-element elementor-element-238c987\" data-id=\"238c987\" data-element_type=\"column\" data-e-type=\"column\">\n\t\t\t<div class=\"elementor-widget-wrap elementor-element-populated\">\n\t\t\t\t\t\t<div class=\"elementor-element elementor-element-21e868aa elementor-absolute elementor-widget__width-initial ha-has-bg-overlay elementor-widget elementor-widget-image\" data-id=\"21e868aa\" data-element_type=\"widget\" data-e-type=\"widget\" data-settings=\"{&quot;_position&quot;:&quot;absolute&quot;}\" data-widget_type=\"image.default\">\n\t\t\t\t<div class=\"elementor-widget-container\">\n\t\t\t\t\t\t\t\t\t\t\t\t\t\t\t<img fetchpriority=\"high\" decoding=\"async\" width=\"300\" height=\"300\" src=\"https:\/\/sasaconsultoria.com\/wp-content\/uploads\/2026\/04\/Sugar_Partner_Badge_authorized-reseller.png\" class=\"attachment-medium size-medium wp-image-4483\" alt=\"\" srcset=\"https:\/\/sasaconsultoria.com\/wp-content\/uploads\/2026\/04\/Sugar_Partner_Badge_authorized-reseller.png 300w, https:\/\/sasaconsultoria.com\/wp-content\/uploads\/2026\/04\/Sugar_Partner_Badge_authorized-reseller-150x150.png 150w\" sizes=\"(max-width: 300px) 100vw, 300px\" \/>\t\t\t\t\t\t\t\t\t\t\t\t\t\t\t<\/div>\n\t\t\t\t<\/div>\n\t\t\t\t<div class=\"elementor-element elementor-element-1a8f13f9 elementor-widget elementor-widget-text-editor\" data-id=\"1a8f13f9\" data-element_type=\"widget\" data-e-type=\"widget\" data-widget_type=\"text-editor.default\">\n\t\t\t\t<div class=\"elementor-widget-container\">\n\t\t\t\t\t\t\t\t\t<p><strong>Somos Advanced Partners de SugarAI y hemos implementado SugarAI en proyectos de alto impacto. <\/strong>Puedes encontrarnos en la\u00a0lista de Partners de Sugar.<\/p>\t\t\t\t\t\t\t\t<\/div>\n\t\t\t\t<\/div>\n\t\t\t\t\t<\/div>\n\t\t<\/div>\n\t\t\t\t<div class=\"elementor-column elementor-col-50 elementor-inner-column elementor-element elementor-element-2869985f\" data-id=\"2869985f\" data-element_type=\"column\" data-e-type=\"column\">\n\t\t\t<div class=\"elementor-widget-wrap\">\n\t\t\t\t\t\t\t<\/div>\n\t\t<\/div>\n\t\t\t\t\t<\/div>\n\t\t<\/section>\n\t\t\t\t<section class=\"elementor-section elementor-top-section elementor-element elementor-element-64e5aafa elementor-section-boxed elementor-section-height-default elementor-section-height-default\" data-id=\"64e5aafa\" data-element_type=\"section\" data-e-type=\"section\" data-settings=\"{&quot;_ha_eqh_enable&quot;:false}\">\n\t\t\t\t\t\t<div class=\"elementor-container elementor-column-gap-default\">\n\t\t\t\t\t<div class=\"elementor-column elementor-col-100 elementor-top-column elementor-element elementor-element-6a50ec1f\" data-id=\"6a50ec1f\" data-element_type=\"column\" data-e-type=\"column\">\n\t\t\t<div class=\"elementor-widget-wrap elementor-element-populated\">\n\t\t\t\t\t\t<div class=\"elementor-element elementor-element-fe5e18b elementor-widget elementor-widget-heading\" data-id=\"fe5e18b\" data-element_type=\"widget\" data-e-type=\"widget\" data-widget_type=\"heading.default\">\n\t\t\t\t<div class=\"elementor-widget-container\">\n\t\t\t\t\t<h2 class=\"elementor-heading-title elementor-size-default\">M\u00e1s de 10.000 clientes satisfechos en el mundo.<\/h2>\t\t\t\t<\/div>\n\t\t\t\t<\/div>\n\t\t\t\t\t<\/div>\n\t\t<\/div>\n\t\t\t\t\t<\/div>\n\t\t<\/section>\n\t\t\t\t<section class=\"elementor-section elementor-top-section elementor-element elementor-element-29ba1207 elementor-section-full_width elementor-section-height-default elementor-section-height-default\" data-id=\"29ba1207\" data-element_type=\"section\" data-e-type=\"section\" data-settings=\"{&quot;_ha_eqh_enable&quot;:false}\">\n\t\t\t\t\t\t<div class=\"elementor-container elementor-column-gap-default\">\n\t\t\t\t\t<div class=\"elementor-column elementor-col-100 elementor-top-column elementor-element elementor-element-1c43e788\" data-id=\"1c43e788\" data-element_type=\"column\" data-e-type=\"column\">\n\t\t\t<div class=\"elementor-widget-wrap elementor-element-populated\">\n\t\t\t\t\t\t<div class=\"elementor-element elementor-element-3fb66da7 elementor-widget elementor-widget-text-editor\" data-id=\"3fb66da7\" data-element_type=\"widget\" data-e-type=\"widget\" data-widget_type=\"text-editor.default\">\n\t\t\t\t<div class=\"elementor-widget-container\">\n\t\t\t\t\t\t\t\t\t<p style=\"text-align: center;\"><strong>Clientes en las Am\u00e9ricas\u00a0<\/strong><\/p>\t\t\t\t\t\t\t\t<\/div>\n\t\t\t\t<\/div>\n\t\t\t\t<div class=\"elementor-element elementor-element-5cc1df4f elementor-pagination-position-outside elementor-widget elementor-widget-image-carousel\" data-id=\"5cc1df4f\" data-element_type=\"widget\" data-e-type=\"widget\" data-settings=\"{&quot;slides_to_show&quot;:&quot;8&quot;,&quot;navigation&quot;:&quot;dots&quot;,&quot;slides_to_show_tablet&quot;:&quot;3&quot;,&quot;slides_to_show_mobile&quot;:&quot;2&quot;,&quot;slides_to_scroll&quot;:&quot;1&quot;,&quot;speed&quot;:400,&quot;motion_fx_motion_fx_mouse&quot;:&quot;yes&quot;,&quot;autoplay_speed&quot;:4000,&quot;autoplay&quot;:&quot;yes&quot;,&quot;pause_on_interaction&quot;:&quot;yes&quot;,&quot;infinite&quot;:&quot;yes&quot;}\" data-widget_type=\"image-carousel.default\">\n\t\t\t\t<div class=\"elementor-widget-container\">\n\t\t\t\t\t\t\t<div class=\"elementor-image-carousel-wrapper swiper\" role=\"region\" aria-roledescription=\"carousel\" aria-label=\"Carrusel de im\u00e1genes\" dir=\"ltr\">\n\t\t\t<div class=\"elementor-image-carousel swiper-wrapper\" aria-live=\"off\">\n\t\t\t\t\t\t\t\t<div class=\"swiper-slide\" role=\"group\" aria-roledescription=\"slide\" aria-label=\"1 of 6\"><figure class=\"swiper-slide-inner\"><img decoding=\"async\" class=\"swiper-slide-image\" src=\"https:\/\/sasaconsultoria.com\/wp-content\/uploads\/2024\/03\/logo-novaventa-sin-fondo.png\" alt=\"logo-novaventa-sin-fondo\" \/><\/figure><\/div><div class=\"swiper-slide\" role=\"group\" aria-roledescription=\"slide\" aria-label=\"2 of 6\"><figure class=\"swiper-slide-inner\"><img decoding=\"async\" class=\"swiper-slide-image\" src=\"https:\/\/sasaconsultoria.com\/wp-content\/uploads\/2024\/04\/dinissan-1.jpg\" alt=\"dinissan 1\" \/><\/figure><\/div><div class=\"swiper-slide\" role=\"group\" aria-roledescription=\"slide\" aria-label=\"3 of 6\"><figure class=\"swiper-slide-inner\"><img decoding=\"async\" class=\"swiper-slide-image\" src=\"https:\/\/sasaconsultoria.com\/wp-content\/uploads\/2024\/03\/yLiexc8D_400x400-removebg-preview.png\" alt=\"yLiexc8D_400x400-removebg-preview\" \/><\/figure><\/div><div class=\"swiper-slide\" role=\"group\" aria-roledescription=\"slide\" aria-label=\"4 of 6\"><figure class=\"swiper-slide-inner\"><img decoding=\"async\" class=\"swiper-slide-image\" src=\"https:\/\/sasaconsultoria.com\/wp-content\/uploads\/2024\/03\/CEMCOLLogo.png\" alt=\"CEMCOLLogo\" \/><\/figure><\/div><div class=\"swiper-slide\" role=\"group\" aria-roledescription=\"slide\" aria-label=\"5 of 6\"><figure class=\"swiper-slide-inner\"><img decoding=\"async\" class=\"swiper-slide-image\" src=\"https:\/\/sasaconsultoria.com\/wp-content\/uploads\/2024\/12\/logo-coordinadora.png\" alt=\"logo-coordinadora\" \/><\/figure><\/div><div class=\"swiper-slide\" role=\"group\" aria-roledescription=\"slide\" aria-label=\"6 of 6\"><figure class=\"swiper-slide-inner\"><img decoding=\"async\" class=\"swiper-slide-image\" src=\"https:\/\/sasaconsultoria.com\/wp-content\/uploads\/2024\/12\/ADOC_2019_logo.webp\" alt=\"ADOC_2019_logo\" \/><\/figure><\/div>\t\t\t<\/div>\n\t\t\t\t\t\t\t\n\t\t\t\t\t\t\t\t\t<div class=\"swiper-pagination\"><\/div>\n\t\t\t\t\t\t\t\t\t<\/div>\n\t\t\t\t\t\t<\/div>\n\t\t\t\t<\/div>\n\t\t\t\t\t<\/div>\n\t\t<\/div>\n\t\t\t\t\t<\/div>\n\t\t<\/section>\n\t\t\t\t<section class=\"elementor-section elementor-top-section elementor-element elementor-element-2ba13c56 elementor-section-full_width elementor-section-height-default elementor-section-height-default\" data-id=\"2ba13c56\" data-element_type=\"section\" data-e-type=\"section\" data-settings=\"{&quot;_ha_eqh_enable&quot;:false}\">\n\t\t\t\t\t\t<div class=\"elementor-container elementor-column-gap-default\">\n\t\t\t\t\t<div class=\"elementor-column elementor-col-100 elementor-top-column elementor-element elementor-element-14359b13\" data-id=\"14359b13\" data-element_type=\"column\" data-e-type=\"column\">\n\t\t\t<div class=\"elementor-widget-wrap elementor-element-populated\">\n\t\t\t\t\t\t<div class=\"elementor-element elementor-element-d91ebe3 elementor-widget elementor-widget-text-editor\" data-id=\"d91ebe3\" data-element_type=\"widget\" data-e-type=\"widget\" data-widget_type=\"text-editor.default\">\n\t\t\t\t<div class=\"elementor-widget-container\">\n\t\t\t\t\t\t\t\t\t<p style=\"text-align: center;\"><strong>Clientes internacionales<\/strong><\/p>\t\t\t\t\t\t\t\t<\/div>\n\t\t\t\t<\/div>\n\t\t\t\t<div class=\"elementor-element elementor-element-63f62df0 elementor-pagination-position-outside elementor-widget elementor-widget-image-carousel\" data-id=\"63f62df0\" data-element_type=\"widget\" data-e-type=\"widget\" data-settings=\"{&quot;slides_to_show&quot;:&quot;8&quot;,&quot;navigation&quot;:&quot;dots&quot;,&quot;slides_to_show_tablet&quot;:&quot;3&quot;,&quot;slides_to_show_mobile&quot;:&quot;2&quot;,&quot;slides_to_scroll&quot;:&quot;1&quot;,&quot;speed&quot;:400,&quot;autoplay_speed&quot;:4000,&quot;autoplay&quot;:&quot;yes&quot;,&quot;pause_on_interaction&quot;:&quot;yes&quot;,&quot;infinite&quot;:&quot;yes&quot;}\" data-widget_type=\"image-carousel.default\">\n\t\t\t\t<div class=\"elementor-widget-container\">\n\t\t\t\t\t\t\t<div class=\"elementor-image-carousel-wrapper swiper\" role=\"region\" aria-roledescription=\"carousel\" aria-label=\"Carrusel de im\u00e1genes\" dir=\"ltr\">\n\t\t\t<div class=\"elementor-image-carousel swiper-wrapper\" aria-live=\"off\">\n\t\t\t\t\t\t\t\t<div class=\"swiper-slide\" role=\"group\" aria-roledescription=\"slide\" aria-label=\"1 of 8\"><figure class=\"swiper-slide-inner\"><img decoding=\"async\" class=\"swiper-slide-image\" src=\"https:\/\/sasaconsultoria.com\/wp-content\/uploads\/2024\/03\/image-131.png\" alt=\"image 13(1)\" \/><\/figure><\/div><div class=\"swiper-slide\" role=\"group\" aria-roledescription=\"slide\" aria-label=\"2 of 8\"><figure class=\"swiper-slide-inner\"><img decoding=\"async\" class=\"swiper-slide-image\" src=\"https:\/\/sasaconsultoria.com\/wp-content\/uploads\/2024\/03\/image-8.png\" alt=\"image 8\" \/><\/figure><\/div><div class=\"swiper-slide\" role=\"group\" aria-roledescription=\"slide\" aria-label=\"3 of 8\"><figure class=\"swiper-slide-inner\"><img decoding=\"async\" class=\"swiper-slide-image\" src=\"https:\/\/sasaconsultoria.com\/wp-content\/uploads\/2024\/03\/blue-origin-logo-5D6380B50D-seeklogo1.png\" alt=\"blue-origin-logo-5D6380B50D-seeklogo(1)\" \/><\/figure><\/div><div class=\"swiper-slide\" role=\"group\" aria-roledescription=\"slide\" aria-label=\"4 of 8\"><figure class=\"swiper-slide-inner\"><img decoding=\"async\" class=\"swiper-slide-image\" src=\"https:\/\/sasaconsultoria.com\/wp-content\/uploads\/2024\/03\/1024px-Allianz_Global_Investors_logo1.png\" alt=\"1024px-Allianz_Global_Investors_logo(1)\" \/><\/figure><\/div><div class=\"swiper-slide\" role=\"group\" aria-roledescription=\"slide\" aria-label=\"5 of 8\"><figure class=\"swiper-slide-inner\"><img decoding=\"async\" class=\"swiper-slide-image\" src=\"https:\/\/sasaconsultoria.com\/wp-content\/uploads\/2024\/03\/apple-logo-transparent1.png\" alt=\"apple-logo-transparent(1)\" \/><\/figure><\/div><div class=\"swiper-slide\" role=\"group\" aria-roledescription=\"slide\" aria-label=\"6 of 8\"><figure class=\"swiper-slide-inner\"><img decoding=\"async\" class=\"swiper-slide-image\" src=\"https:\/\/sasaconsultoria.com\/wp-content\/uploads\/2024\/03\/Tata_logo1.png\" alt=\"Tata_logo(1)\" \/><\/figure><\/div><div class=\"swiper-slide\" role=\"group\" aria-roledescription=\"slide\" aria-label=\"7 of 8\"><figure class=\"swiper-slide-inner\"><img decoding=\"async\" class=\"swiper-slide-image\" src=\"https:\/\/sasaconsultoria.com\/wp-content\/uploads\/2024\/03\/SpaceX-Logo.png\" alt=\"SpaceX-Logo\" \/><\/figure><\/div><div class=\"swiper-slide\" role=\"group\" aria-roledescription=\"slide\" aria-label=\"8 of 8\"><figure class=\"swiper-slide-inner\"><img decoding=\"async\" class=\"swiper-slide-image\" src=\"https:\/\/sasaconsultoria.com\/wp-content\/uploads\/2024\/12\/logo-agfa-color.webp\" alt=\"logo-agfa-color\" \/><\/figure><\/div>\t\t\t<\/div>\n\t\t\t\t\t\t\t\n\t\t\t\t\t\t\t\t\t<div class=\"swiper-pagination\"><\/div>\n\t\t\t\t\t\t\t\t\t<\/div>\n\t\t\t\t\t\t<\/div>\n\t\t\t\t<\/div>\n\t\t\t\t\t<\/div>\n\t\t<\/div>\n\t\t\t\t\t<\/div>\n\t\t<\/section>\n\t\t\t\t<\/div>\n\t\t","protected":false},"excerpt":{"rendered":"<p>\u00bfA\u00fan tienes dudas? Te ayudamos a resolverlas en menos de 30 minutos\u23f2\ufe0f Sabemos que cada empresa tiene retos \u00fanicos en ventas, marketing y servicio al cliente.\u00a0 Si a\u00fan tienes inquietudes sobre c\u00f3mo optimizar tus procesos con SugarAI, estamos aqu\u00ed para guiarte. Sin compromisos, solo soluciones.\u00a0\ud83d\udd39 \u00a1Haz clic y agenda tu\u00a0asesor\u00eda express! \u00a0 Somos Advanced Partners [&hellip;]<\/p>\n","protected":false},"author":3,"featured_media":0,"parent":0,"menu_order":0,"comment_status":"closed","ping_status":"closed","template":"","meta":{"footnotes":""},"class_list":["post-3038","page","type-page","status-publish","hentry"],"_links":{"self":[{"href":"https:\/\/sasaconsultoria.com\/index.php\/wp-json\/wp\/v2\/pages\/3038","targetHints":{"allow":["GET"]}}],"collection":[{"href":"https:\/\/sasaconsultoria.com\/index.php\/wp-json\/wp\/v2\/pages"}],"about":[{"href":"https:\/\/sasaconsultoria.com\/index.php\/wp-json\/wp\/v2\/types\/page"}],"author":[{"embeddable":true,"href":"https:\/\/sasaconsultoria.com\/index.php\/wp-json\/wp\/v2\/users\/3"}],"replies":[{"embeddable":true,"href":"https:\/\/sasaconsultoria.com\/index.php\/wp-json\/wp\/v2\/comments?post=3038"}],"version-history":[{"count":76,"href":"https:\/\/sasaconsultoria.com\/index.php\/wp-json\/wp\/v2\/pages\/3038\/revisions"}],"predecessor-version":[{"id":4569,"href":"https:\/\/sasaconsultoria.com\/index.php\/wp-json\/wp\/v2\/pages\/3038\/revisions\/4569"}],"wp:attachment":[{"href":"https:\/\/sasaconsultoria.com\/index.php\/wp-json\/wp\/v2\/media?parent=3038"}],"curies":[{"name":"wp","href":"https:\/\/api.w.org\/{rel}","templated":true}]}}